{"id":4379,"date":"2021-02-01T17:12:11","date_gmt":"2021-02-01T16:12:11","guid":{"rendered":"https:\/\/graphizm.fr\/greta\/?page_id=4379"},"modified":"2025-10-23T11:21:54","modified_gmt":"2025-10-23T09:21:54","slug":"politique-de-confidentialite","status":"publish","type":"page","link":"https:\/\/graphizm.fr\/greta\/politique-de-confidentialite\/","title":{"rendered":"Politique de confidentialit\u00e9"},"content":{"rendered":"\n<h2 class=\"wp-block-heading\">Utilisation des donn\u00e9es personnelles collect\u00e9es<\/h2>\n\n\n\n<h3 class=\"wp-block-heading\">Commentaires<\/h3>\n\n\n\n<p><strong>Les commentaires des contenus de ce site sont d\u00e9sactiv\u00e9s<\/strong>.<\/p>\n\n\n\n<h3 class=\"wp-block-heading\">M\u00e9dias<\/h3>\n\n\n\n<p><strong>Sur le site nous \u00e9vitons de t\u00e9l\u00e9verser des images contenant des donn\u00e9es EXIF de coordonn\u00e9es GPS<\/strong>. Les personnes visitant votre site pourraient t\u00e9l\u00e9charger et extraire des donn\u00e9es de localisation depuis ces images. Si vous rep\u00e9rez une image contenant ce type de donn\u00e9es, merci de bien vouloir nous en informer en utilisant l&rsquo;adresse mail acad\u00e9mique de Yves Goguely, formateur et administrateur du site.<\/p>\n\n\n\n<h3 class=\"wp-block-heading\">Sondages et questionnaires<\/h3>\n\n\n\n<p><strong>Le site ne publie plus de sondages.<\/strong> Aucune donn\u00e9e n&rsquo;est donc reccueillie par ce biais.<\/p>\n\n\n\n<h3 class=\"wp-block-heading\">Contenu embarqu\u00e9 depuis d\u2019autres sites<\/h3>\n\n\n\n<p><strong>Les articles de ce site peuvent inclure des contenus int\u00e9gr\u00e9s<\/strong> (par exemple des vid\u00e9os, images, articles\u2026). Le contenu int\u00e9gr\u00e9 depuis d\u2019autres sites se comporte de la m\u00eame mani\u00e8re que si le visiteur se rendait sur cet autre site.<\/p>\n\n\n\n<p><strong>Ces sites web pourraient collecter des donn\u00e9es vous concernant<\/strong>, utiliser des cookies, embarquer des outils de suivis tiers, suivre vos interactions avec ces contenus embarqu\u00e9s si vous disposez d\u2019un compte connect\u00e9 sur leur site web.<\/p>","protected":false},"excerpt":{"rendered":"<p>Utilisation des donn\u00e9es personnelles collect\u00e9es Commentaires Les commentaires des contenus de ce site sont d\u00e9sactiv\u00e9s. M\u00e9dias Sur le site nous \u00e9vitons de t\u00e9l\u00e9verser des images contenant des donn\u00e9es EXIF de coordonn\u00e9es GPS. Les personnes visitant votre site pourraient t\u00e9l\u00e9charger et extraire des donn\u00e9es de localisation depuis ces images. Si vous rep\u00e9rez une image contenant ce [&hellip;]<\/p>","protected":false},"author":1,"featured_media":0,"parent":0,"menu_order":0,"comment_status":"closed","ping_status":"closed","template":"","meta":{"footnotes":""},"class_list":["post-4379","page","type-page","status-publish","hentry"],"featured_image_urls_v2":{"full":"","thumbnail":"","medium":"","medium_large":"","large":"","1536x1536":"","2048x2048":"","post-thumbnail":"","twentytwenty-fullscreen":""},"post_excerpt_stackable_v2":"<p>Utilisation des donn\u00e9es personnelles collect\u00e9es Commentaires Les commentaires des contenus de ce site sont d\u00e9sactiv\u00e9s. M\u00e9dias Sur le site nous \u00e9vitons de t\u00e9l\u00e9verser des images contenant des donn\u00e9es EXIF de coordonn\u00e9es GPS. Les personnes visitant votre site pourraient t\u00e9l\u00e9charger et extraire des donn\u00e9es de localisation depuis ces images. Si vous rep\u00e9rez une image contenant ce type de donn\u00e9es, merci de bien vouloir nous en informer en utilisant l&rsquo;adresse mail acad\u00e9mique de Yves Goguely, formateur et administrateur du site. Sondages et questionnaires Le site ne publie plus de sondages. Aucune donn\u00e9e n&rsquo;est donc reccueillie par ce biais. Contenu embarqu\u00e9 depuis d\u2019autres\u2026<\/p>","category_list_v2":"","author_info_v2":{"name":"Yves Goguely","url":"https:\/\/graphizm.fr\/greta\/author\/formationsgreta\/"},"comments_num_v2":"0 commentaire","_links":{"self":[{"href":"https:\/\/graphizm.fr\/greta\/wp-json\/wp\/v2\/pages\/4379","targetHints":{"allow":["GET"]}}],"collection":[{"href":"https:\/\/graphizm.fr\/greta\/wp-json\/wp\/v2\/pages"}],"about":[{"href":"https:\/\/graphizm.fr\/greta\/wp-json\/wp\/v2\/types\/page"}],"author":[{"embeddable":true,"href":"https:\/\/graphizm.fr\/greta\/wp-json\/wp\/v2\/users\/1"}],"replies":[{"embeddable":true,"href":"https:\/\/graphizm.fr\/greta\/wp-json\/wp\/v2\/comments?post=4379"}],"version-history":[{"count":6,"href":"https:\/\/graphizm.fr\/greta\/wp-json\/wp\/v2\/pages\/4379\/revisions"}],"predecessor-version":[{"id":7391,"href":"https:\/\/graphizm.fr\/greta\/wp-json\/wp\/v2\/pages\/4379\/revisions\/7391"}],"wp:attachment":[{"href":"https:\/\/graphizm.fr\/greta\/wp-json\/wp\/v2\/media?parent=4379"}],"curies":[{"name":"wp","href":"https:\/\/api.w.org\/{rel}","templated":true}]}}