{"id":7,"date":"2017-02-21T18:24:09","date_gmt":"2017-02-21T17:24:09","guid":{"rendered":"http:\/\/graphizm.fr\/greta\/?page_id=7"},"modified":"2025-11-14T20:22:41","modified_gmt":"2025-11-14T19:22:41","slug":"formation-coninue","status":"publish","type":"page","link":"https:\/\/graphizm.fr\/greta\/","title":{"rendered":"Communication visuelle"},"content":{"rendered":"\n<hr class=\"wp-block-separator has-css-opacity\"\/>\n\n\n\n<p class=\"has-background-color has-accent-background-color has-text-color has-background\">Vous trouverez sur ce site les ressources p\u00e9dagogiques des formations<strong> <a href=\"https:\/\/graphizm.fr\/greta\/index\/index-formation-cc\/\" data-type=\"link\" data-id=\"https:\/\/graphizm.fr\/greta\/index\/index-formation-cc\/\">CC<\/a><\/strong>, <strong><a href=\"https:\/\/graphizm.fr\/greta\/index\/index-formation-fcs\/\">FCS<\/a><\/strong>, <strong><a href=\"https:\/\/graphizm.fr\/greta\/index\/formation-vit\/\" data-type=\"link\" data-id=\"https:\/\/graphizm.fr\/greta\/index\/formation-vit\/\">VIT<\/a><\/strong> et <strong><a href=\"https:\/\/graphizm.fr\/greta\/index\/index-formation-rwrn\/\">RWRN<\/a><\/strong> , dispens\u00e9e par Yves Goguely, dans le cadre du GRETA Auvergne. Les inscriptions \u00e0 ces cours sont d\u00e9sormais closes dans le cadre de la pr\u00e9paration aux titres professionnels Graphiste et CDUI.<\/p>\n\n\n\n<p class=\"has-text-align-center has-background-color has-accent-background-color has-text-color has-background\">Des <strong><a href=\"https:\/\/graphizm.fr\/greta\/index\/cours-annexes\/\" data-type=\"link\" data-id=\"https:\/\/graphizm.fr\/greta\/index\/cours-annexes\/\">cours annexes<\/a><\/strong> compl\u00e8tent les principales formations.<\/p>\n\n\n\n<p>Les formations mentionn\u00e9es ici ont lieu, en pr\u00e9sentiel,  <strong>sur le plateau technique du P\u00f4le Plurim\u00e9dia du lyc\u00e9e La Fayette, \u00e0 Clermont-Ferrand<\/strong>. Voici ce \u00e0 quoi se rapportent les sigles utilis\u00e9s.<\/p>\n\n\n\n<ul class=\"wp-block-list\">\n<li><strong><a href=\"https:\/\/graphizm.fr\/greta\/index\/index-formation-cc\/\" data-type=\"link\" data-id=\"https:\/\/graphizm.fr\/greta\/index\/index-formation-cc\/\">CC<\/a><\/strong> : Communication Cr\u00e9ative (Com-Cr\u00e9a)<\/li>\n\n\n\n<li><strong><a href=\"https:\/\/graphizm.fr\/greta\/index\/index-formation-fcs\/\">FCS<\/a><\/strong> : Fondamentaux de la Cr\u00e9ation de Site<\/li>\n\n\n\n<li><strong><a href=\"https:\/\/graphizm.fr\/greta\/index\/formation-vit\/\" data-type=\"link\" data-id=\"https:\/\/graphizm.fr\/greta\/index\/formation-vit\/\">VIT<\/a><\/strong> : Veille Informationnelle et Technologique<\/li>\n\n\n\n<li><a href=\"https:\/\/graphizm.fr\/greta\/index\/index-formation-rwrn\/\"><strong>RWRN<\/strong><\/a> : R\u00e9daction Web et R\u00e9f\u00e9rencement Naturel<\/li>\n<\/ul>\n\n\n\n<p class=\"has-subtle-background-background-color has-background\">\u279c\u00a0<strong>Des ressources compl\u00e9mentaires<\/strong> sont mises \u00e0 disposition des apprenants sur la plateforme <a href=\"https:\/\/y-goguely.netboard.me\/\" target=\"_blank\" rel=\"noreferrer noopener\"><strong>Netboard<\/strong><\/a>.<\/p>\n\n\n\n<p class=\"has-text-align-center\"><strong><a href=\"https:\/\/graphizm.fr\/greta\/politique-de-confidentialite\/\" target=\"_blank\" rel=\"noreferrer noopener\">Politique de confidentialit\u00e9<\/a><\/strong><\/p>","protected":false},"excerpt":{"rendered":"<p>Vous trouverez sur ce site les ressources p\u00e9dagogiques des formations CC, FCS, VIT et RWRN , dispens\u00e9e par Yves Goguely, dans le cadre du GRETA Auvergne. Les inscriptions \u00e0 ces cours sont d\u00e9sormais closes dans le cadre de la pr\u00e9paration aux titres professionnels Graphiste et CDUI. Des cours annexes compl\u00e8tent les principales formations. Les formations [&hellip;]<\/p>","protected":false},"author":1,"featured_media":0,"parent":0,"menu_order":0,"comment_status":"closed","ping_status":"closed","template":"","meta":{"footnotes":""},"class_list":["post-7","page","type-page","status-publish","hentry"],"featured_image_urls_v2":{"full":"","thumbnail":"","medium":"","medium_large":"","large":"","1536x1536":"","2048x2048":"","post-thumbnail":"","twentytwenty-fullscreen":""},"post_excerpt_stackable_v2":"<p>Vous trouverez sur ce site les ressources p\u00e9dagogiques des formations CC, FCS, VIT et RWRN , dispens\u00e9e par Yves Goguely, dans le cadre du GRETA Auvergne. Les inscriptions \u00e0 ces cours sont d\u00e9sormais closes dans le cadre de la pr\u00e9paration aux titres professionnels Graphiste et CDUI. Des cours annexes compl\u00e8tent les principales formations. Les formations mentionn\u00e9es ici ont lieu, en pr\u00e9sentiel, sur le plateau technique du P\u00f4le Plurim\u00e9dia du lyc\u00e9e La Fayette, \u00e0 Clermont-Ferrand. Voici ce \u00e0 quoi se rapportent les sigles utilis\u00e9s. CC&nbsp;: Communication Cr\u00e9ative (Com-Cr\u00e9a) FCS&nbsp;: Fondamentaux de la Cr\u00e9ation de Site VIT&nbsp;: Veille Informationnelle\u2026<\/p>","category_list_v2":"","author_info_v2":{"name":"Yves Goguely","url":"https:\/\/graphizm.fr\/greta\/author\/formationsgreta\/"},"comments_num_v2":"0 commentaire","_links":{"self":[{"href":"https:\/\/graphizm.fr\/greta\/wp-json\/wp\/v2\/pages\/7","targetHints":{"allow":["GET"]}}],"collection":[{"href":"https:\/\/graphizm.fr\/greta\/wp-json\/wp\/v2\/pages"}],"about":[{"href":"https:\/\/graphizm.fr\/greta\/wp-json\/wp\/v2\/types\/page"}],"author":[{"embeddable":true,"href":"https:\/\/graphizm.fr\/greta\/wp-json\/wp\/v2\/users\/1"}],"replies":[{"embeddable":true,"href":"https:\/\/graphizm.fr\/greta\/wp-json\/wp\/v2\/comments?post=7"}],"version-history":[{"count":91,"href":"https:\/\/graphizm.fr\/greta\/wp-json\/wp\/v2\/pages\/7\/revisions"}],"predecessor-version":[{"id":7545,"href":"https:\/\/graphizm.fr\/greta\/wp-json\/wp\/v2\/pages\/7\/revisions\/7545"}],"wp:attachment":[{"href":"https:\/\/graphizm.fr\/greta\/wp-json\/wp\/v2\/media?parent=7"}],"curies":[{"name":"wp","href":"https:\/\/api.w.org\/{rel}","templated":true}]}}